{"id":133,"date":"2024-05-09T21:34:55","date_gmt":"2024-05-09T19:34:55","guid":{"rendered":"https:\/\/www.cherbourg44.fr\/?page_id=133"},"modified":"2024-05-14T22:59:25","modified_gmt":"2024-05-14T20:59:25","slug":"qui-sommes-nous","status":"publish","type":"page","link":"https:\/\/www.cherbourg44.fr\/index.php\/qui-sommes-nous\/","title":{"rendered":"Qui sommes nous ?"},"content":{"rendered":"\t\t<div data-elementor-type=\"wp-page\" data-elementor-id=\"133\" class=\"elementor elementor-133\">\n\t\t\t\t<div class=\"elementor-element elementor-element-890e2c1 e-flex e-con-boxed e-con e-parent\" data-id=\"890e2c1\" data-element_type=\"container\">\n\t\t\t\t\t<div class=\"e-con-inner\">\n\t\t\t\t\t<\/div>\n\t\t\t\t<\/div>\n\t\t<div class=\"elementor-element elementor-element-1ee27e1 e-flex e-con-boxed e-con e-parent\" data-id=\"1ee27e1\" data-element_type=\"container\" data-settings=\"{&quot;background_background&quot;:&quot;classic&quot;}\">\n\t\t\t\t\t<div class=\"e-con-inner\">\n\t\t\t\t<div class=\"elementor-element elementor-element-c73083b elementor-widget elementor-widget-text-editor\" data-id=\"c73083b\" data-element_type=\"widget\" data-widget_type=\"text-editor.default\">\n\t\t\t\t<div class=\"elementor-widget-container\">\n\t\t\t\t\t\t\t\t\t<h2>Qui sommes nous ?<\/h2>\t\t\t\t\t\t\t\t<\/div>\n\t\t\t\t<\/div>\n\t\t\t\t\t<\/div>\n\t\t\t\t<\/div>\n\t\t<div class=\"elementor-element elementor-element-763c8c5 e-flex e-con-boxed e-con e-parent\" data-id=\"763c8c5\" data-element_type=\"container\" data-settings=\"{&quot;background_background&quot;:&quot;classic&quot;}\">\n\t\t\t\t\t<div class=\"e-con-inner\">\n\t\t<div class=\"elementor-element elementor-element-83de18b e-con-full e-flex e-con e-child\" data-id=\"83de18b\" data-element_type=\"container\">\n\t\t\t\t<div class=\"elementor-element elementor-element-38d1d19 elementor-widget elementor-widget-text-editor\" data-id=\"38d1d19\" data-element_type=\"widget\" data-widget_type=\"text-editor.default\">\n\t\t\t\t<div class=\"elementor-widget-container\">\n\t\t\t\t\t\t\t\t\t<div id=\"cc-m-12842556236\" class=\"j-module n j-header \">\n<h3 id=\"cc-m-header-12842556236\">&#8230; des passionn\u00e9s !<\/h3>\n<\/div>\n<div id=\"cc-m-12842556336\" class=\"j-module n j-text \">\n<p>A l&rsquo;origine de l&rsquo;association,<br \/>4 personnes (membres du bureau) passionn\u00e9es de la Seconde Guerre Mondiale et d&rsquo;histoire en g\u00e9n\u00e9rale. Bricoleur de surcro\u00eets, nous sommes devenus les parents de deux d\u00e9cors de commerces anciens.\u00a0<br \/>Nous nous habillons et faisons vivre ces d\u00e9cors pour le plaisir de tous. Recr\u00e9er une ambiance et faire d\u00e9couvrir une p\u00e9riode donn\u00e9e de l&rsquo;histoire.<\/p>\n<\/div>\t\t\t\t\t\t\t\t<\/div>\n\t\t\t\t<\/div>\n\t\t\t\t<\/div>\n\t\t<div class=\"elementor-element elementor-element-58395dc e-con-full e-flex e-con e-child\" data-id=\"58395dc\" data-element_type=\"container\">\n\t\t\t\t<div class=\"elementor-element elementor-element-0e436ed elementor-widget elementor-widget-image\" data-id=\"0e436ed\" data-element_type=\"widget\" data-widget_type=\"image.default\">\n\t\t\t\t<div class=\"elementor-widget-container\">\n\t\t\t\t\t\t\t\t\t\t\t\t\t\t\t<img fetchpriority=\"high\" decoding=\"async\" width=\"600\" height=\"400\" src=\"https:\/\/www.cherbourg44.fr\/wp-content\/uploads\/2024\/05\/13336067_997347700334666_2103860160544797695_n-600x400.jpg\" class=\"attachment-blogvy-medium-img size-blogvy-medium-img wp-image-106\" alt=\"\" \/>\t\t\t\t\t\t\t\t\t\t\t\t\t\t\t<\/div>\n\t\t\t\t<\/div>\n\t\t\t\t<\/div>\n\t\t\t\t\t<\/div>\n\t\t\t\t<\/div>\n\t\t<div class=\"elementor-element elementor-element-0d53489 e-flex e-con-boxed e-con e-parent\" data-id=\"0d53489\" data-element_type=\"container\" data-settings=\"{&quot;background_background&quot;:&quot;classic&quot;}\">\n\t\t\t\t\t<div class=\"e-con-inner\">\n\t\t<div class=\"elementor-element elementor-element-11fee90 e-con-full e-flex e-con e-child\" data-id=\"11fee90\" data-element_type=\"container\">\n\t\t\t\t<div class=\"elementor-element elementor-element-4142a6b elementor-widget elementor-widget-text-editor\" data-id=\"4142a6b\" data-element_type=\"widget\" data-widget_type=\"text-editor.default\">\n\t\t\t\t<div class=\"elementor-widget-container\">\n\t\t\t\t\t\t\t\t\t<div id=\"cc-m-12842556236\" class=\"j-module n j-header \">\n<h3 id=\"cc-m-header-12842556236\">&#8230; des fous !<\/h3>\n<\/div>\n<div id=\"cc-m-12842556336\" class=\"j-module n j-text \">\n<p>Expositions, c\u00e9r\u00e9monies, reportages photos, animations, campements, pr\u00e9sentations, en collaboration avec diverses associations et amis, nous mettons notre collection, nos tenues, nos v\u00e9hicules, nos d\u00e9cors, en situation afin d&rsquo;immerger le visiteur, le spectateur, dans un autre temps.\u00a0<br \/>Nous nous habillons et faisons vivre ces d\u00e9cors pour le plaisir de tous. Recr\u00e9er une ambiance et faire d\u00e9couvrir une p\u00e9riode donn\u00e9e de l&rsquo;histoire.<\/p>\n<\/div>\t\t\t\t\t\t\t\t<\/div>\n\t\t\t\t<\/div>\n\t\t\t\t<\/div>\n\t\t<div class=\"elementor-element elementor-element-55d0280 e-con-full e-flex e-con e-child\" data-id=\"55d0280\" data-element_type=\"container\">\n\t\t\t\t<div class=\"elementor-element elementor-element-0175fc2 elementor-widget elementor-widget-image\" data-id=\"0175fc2\" data-element_type=\"widget\" data-widget_type=\"image.default\">\n\t\t\t\t<div class=\"elementor-widget-container\">\n\t\t\t\t\t\t\t\t\t\t\t\t\t\t\t<img decoding=\"async\" width=\"600\" height=\"400\" src=\"https:\/\/www.cherbourg44.fr\/wp-content\/uploads\/2024\/05\/441453926_841439418018042_3208858990377899977_n-600x400.jpg\" class=\"attachment-blogvy-medium-img size-blogvy-medium-img wp-image-107\" alt=\"\" \/>\t\t\t\t\t\t\t\t\t\t\t\t\t\t\t<\/div>\n\t\t\t\t<\/div>\n\t\t\t\t<\/div>\n\t\t\t\t\t<\/div>\n\t\t\t\t<\/div>\n\t\t<div class=\"elementor-element elementor-element-7a35e57 e-flex e-con-boxed e-con e-parent\" data-id=\"7a35e57\" data-element_type=\"container\" data-settings=\"{&quot;background_background&quot;:&quot;classic&quot;}\">\n\t\t\t\t\t<div class=\"e-con-inner\">\n\t\t<div class=\"elementor-element elementor-element-913e712 e-con-full e-flex e-con e-child\" data-id=\"913e712\" data-element_type=\"container\">\n\t\t\t\t<div class=\"elementor-element elementor-element-3127f9b elementor-widget elementor-widget-text-editor\" data-id=\"3127f9b\" data-element_type=\"widget\" data-widget_type=\"text-editor.default\">\n\t\t\t\t<div class=\"elementor-widget-container\">\n\t\t\t\t\t\t\t\t\t<div id=\"cc-m-12842556236\" class=\"j-module n j-header \"><div id=\"cc-m-12842557436\" class=\"j-module n j-header \"><h2 id=\"cc-m-header-12842557436\" class=\"\">&#8230; mais surtout des amis !<\/h2><\/div><div id=\"cc-m-12842557536\" class=\"j-module n j-text \"><p>Petit \u00e0 petit, nous avons grossi nos rangs. Non pas seulement par passion commune mais par amiti\u00e9, de belles rencontres, un esprit familial, une envie commune de partager notre passion et mutualiser les id\u00e9es plus ou moins farfelus qui animent nos esprits&#8230;<\/p><\/div><\/div>\t\t\t\t\t\t\t\t<\/div>\n\t\t\t\t<\/div>\n\t\t\t\t<\/div>\n\t\t<div class=\"elementor-element elementor-element-75265ba e-con-full e-flex e-con e-child\" data-id=\"75265ba\" data-element_type=\"container\">\n\t\t\t\t<div class=\"elementor-element elementor-element-3275d0e elementor-widget elementor-widget-image\" data-id=\"3275d0e\" data-element_type=\"widget\" data-widget_type=\"image.default\">\n\t\t\t\t<div class=\"elementor-widget-container\">\n\t\t\t\t\t\t\t\t\t\t\t\t\t\t\t<img decoding=\"async\" width=\"600\" height=\"400\" src=\"https:\/\/www.cherbourg44.fr\/wp-content\/uploads\/2024\/05\/DSCF1819rcl-1-600x400.jpg\" class=\"attachment-blogvy-medium-img size-blogvy-medium-img wp-image-457\" alt=\"\" srcset=\"https:\/\/www.cherbourg44.fr\/wp-content\/uploads\/2024\/05\/DSCF1819rcl-1-600x400.jpg 600w, https:\/\/www.cherbourg44.fr\/wp-content\/uploads\/2024\/05\/DSCF1819rcl-1-300x200.jpg 300w, https:\/\/www.cherbourg44.fr\/wp-content\/uploads\/2024\/05\/DSCF1819rcl-1-1024x683.jpg 1024w, https:\/\/www.cherbourg44.fr\/wp-content\/uploads\/2024\/05\/DSCF1819rcl-1-768x512.jpg 768w, https:\/\/www.cherbourg44.fr\/wp-content\/uploads\/2024\/05\/DSCF1819rcl-1-1536x1024.jpg 1536w, https:\/\/www.cherbourg44.fr\/wp-content\/uploads\/2024\/05\/DSCF1819rcl-1-2048x1365.jpg 2048w\" sizes=\"(max-width: 600px) 100vw, 600px\" \/>\t\t\t\t\t\t\t\t\t\t\t\t\t\t\t<\/div>\n\t\t\t\t<\/div>\n\t\t\t\t<\/div>\n\t\t\t\t\t<\/div>\n\t\t\t\t<\/div>\n\t\t<div class=\"elementor-element elementor-element-b7f3d05 e-flex e-con-boxed e-con e-parent\" data-id=\"b7f3d05\" data-element_type=\"container\" data-settings=\"{&quot;background_background&quot;:&quot;classic&quot;}\">\n\t\t\t\t\t<div class=\"e-con-inner\">\n\t\t\t\t<div class=\"elementor-element elementor-element-1e72bad elementor-arrows-position-inside elementor-pagination-position-outside elementor-widget elementor-widget-image-carousel\" data-id=\"1e72bad\" data-element_type=\"widget\" data-settings=\"{&quot;slides_to_show&quot;:&quot;1&quot;,&quot;navigation&quot;:&quot;both&quot;,&quot;autoplay&quot;:&quot;yes&quot;,&quot;pause_on_hover&quot;:&quot;yes&quot;,&quot;pause_on_interaction&quot;:&quot;yes&quot;,&quot;autoplay_speed&quot;:5000,&quot;infinite&quot;:&quot;yes&quot;,&quot;effect&quot;:&quot;slide&quot;,&quot;speed&quot;:500}\" data-widget_type=\"image-carousel.default\">\n\t\t\t\t<div class=\"elementor-widget-container\">\n\t\t\t\t\t\t\t<div class=\"elementor-image-carousel-wrapper swiper\" role=\"region\" aria-roledescription=\"carousel\" aria-label=\"Carrousel d\u2019images\" dir=\"ltr\">\n\t\t\t<div class=\"elementor-image-carousel swiper-wrapper\" aria-live=\"off\">\n\t\t\t\t\t\t\t\t<div class=\"swiper-slide\" role=\"group\" aria-roledescription=\"slide\" aria-label=\"1 sur 10\"><figure class=\"swiper-slide-inner\"><img decoding=\"async\" class=\"swiper-slide-image\" src=\"https:\/\/www.cherbourg44.fr\/wp-content\/uploads\/2024\/05\/208259268_4023683704347704_7414737586730392453_n.jpg\" alt=\"208259268_4023683704347704_7414737586730392453_n\" \/><\/figure><\/div><div class=\"swiper-slide\" role=\"group\" aria-roledescription=\"slide\" aria-label=\"2 sur 10\"><figure class=\"swiper-slide-inner\"><img decoding=\"async\" class=\"swiper-slide-image\" src=\"https:\/\/www.cherbourg44.fr\/wp-content\/uploads\/2024\/05\/208671270_4023682044347870_1450531455089954150_n.jpg\" alt=\"208671270_4023682044347870_1450531455089954150_n\" \/><\/figure><\/div><div class=\"swiper-slide\" role=\"group\" aria-roledescription=\"slide\" aria-label=\"3 sur 10\"><figure class=\"swiper-slide-inner\"><img decoding=\"async\" class=\"swiper-slide-image\" src=\"https:\/\/www.cherbourg44.fr\/wp-content\/uploads\/2024\/05\/13243791_972694882851655_4781547456596157876_o.jpg\" alt=\"13243791_972694882851655_4781547456596157876_o\" \/><\/figure><\/div><div class=\"swiper-slide\" role=\"group\" aria-roledescription=\"slide\" aria-label=\"4 sur 10\"><figure class=\"swiper-slide-inner\"><img decoding=\"async\" class=\"swiper-slide-image\" src=\"https:\/\/www.cherbourg44.fr\/wp-content\/uploads\/2024\/05\/19055323_1888310114724898_2516856196829186866_o.jpeg\" alt=\"19055323_1888310114724898_2516856196829186866_o\" \/><\/figure><\/div><div class=\"swiper-slide\" role=\"group\" aria-roledescription=\"slide\" aria-label=\"5 sur 10\"><figure class=\"swiper-slide-inner\"><img decoding=\"async\" class=\"swiper-slide-image\" src=\"https:\/\/www.cherbourg44.fr\/wp-content\/uploads\/2024\/05\/69473155_2353125598070198_9062674585639452672_n.jpeg\" alt=\"69473155_2353125598070198_9062674585639452672_n\" \/><\/figure><\/div><div class=\"swiper-slide\" role=\"group\" aria-roledescription=\"slide\" aria-label=\"6 sur 10\"><figure class=\"swiper-slide-inner\"><img decoding=\"async\" class=\"swiper-slide-image\" src=\"https:\/\/www.cherbourg44.fr\/wp-content\/uploads\/2024\/05\/278566362_4918658021516930_1252155444134034568_n-1.jpeg\" alt=\"278566362_4918658021516930_1252155444134034568_n\" \/><\/figure><\/div><div class=\"swiper-slide\" role=\"group\" aria-roledescription=\"slide\" aria-label=\"7 sur 10\"><figure class=\"swiper-slide-inner\"><img decoding=\"async\" class=\"swiper-slide-image\" src=\"https:\/\/www.cherbourg44.fr\/wp-content\/uploads\/2024\/05\/292632717_5158489720867091_7903099222993743034_n.jpeg\" alt=\"292632717_5158489720867091_7903099222993743034_n\" \/><\/figure><\/div><div class=\"swiper-slide\" role=\"group\" aria-roledescription=\"slide\" aria-label=\"8 sur 10\"><figure class=\"swiper-slide-inner\"><img decoding=\"async\" class=\"swiper-slide-image\" src=\"https:\/\/www.cherbourg44.fr\/wp-content\/uploads\/2024\/05\/292739691_5158484297534300_3048198920726613981_n.jpeg\" alt=\"292739691_5158484297534300_3048198920726613981_n\" \/><\/figure><\/div><div class=\"swiper-slide\" role=\"group\" aria-roledescription=\"slide\" aria-label=\"9 sur 10\"><figure class=\"swiper-slide-inner\"><img decoding=\"async\" class=\"swiper-slide-image\" src=\"https:\/\/www.cherbourg44.fr\/wp-content\/uploads\/2024\/05\/296343094_5224827670899962_338519310696502528_n.jpeg\" alt=\"296343094_5224827670899962_338519310696502528_n\" \/><\/figure><\/div><div class=\"swiper-slide\" role=\"group\" aria-roledescription=\"slide\" aria-label=\"10 sur 10\"><figure class=\"swiper-slide-inner\"><img decoding=\"async\" class=\"swiper-slide-image\" src=\"https:\/\/www.cherbourg44.fr\/wp-content\/uploads\/2024\/05\/352227404_1516369719191906_4485728705383467316_n.jpeg\" alt=\"352227404_1516369719191906_4485728705383467316_n\" \/><\/figure><\/div>\t\t\t<\/div>\n\t\t\t\t\t\t\t\t\t\t\t\t<div class=\"elementor-swiper-button elementor-swiper-button-prev\" role=\"button\" tabindex=\"0\">\n\t\t\t\t\t\t<svg aria-hidden=\"true\" class=\"e-font-icon-svg e-eicon-chevron-left\" viewBox=\"0 0 1000 1000\" xmlns=\"http:\/\/www.w3.org\/2000\/svg\"><path d=\"M646 125C629 125 613 133 604 142L308 442C296 454 292 471 292 487 292 504 296 521 308 533L604 854C617 867 629 875 646 875 663 875 679 871 692 858 704 846 713 829 713 812 713 796 708 779 692 767L438 487 692 225C700 217 708 204 708 187 708 171 704 154 692 142 675 129 663 125 646 125Z\"><\/path><\/svg>\t\t\t\t\t<\/div>\n\t\t\t\t\t<div class=\"elementor-swiper-button elementor-swiper-button-next\" role=\"button\" tabindex=\"0\">\n\t\t\t\t\t\t<svg aria-hidden=\"true\" class=\"e-font-icon-svg e-eicon-chevron-right\" viewBox=\"0 0 1000 1000\" xmlns=\"http:\/\/www.w3.org\/2000\/svg\"><path d=\"M696 533C708 521 713 504 713 487 713 471 708 454 696 446L400 146C388 133 375 125 354 125 338 125 325 129 313 142 300 154 292 171 292 187 292 204 296 221 308 233L563 492 304 771C292 783 288 800 288 817 288 833 296 850 308 863 321 871 338 875 354 875 371 875 388 867 400 854L696 533Z\"><\/path><\/svg>\t\t\t\t\t<\/div>\n\t\t\t\t\n\t\t\t\t\t\t\t\t\t<div class=\"swiper-pagination\"><\/div>\n\t\t\t\t\t\t\t\t\t<\/div>\n\t\t\t\t\t\t<\/div>\n\t\t\t\t<\/div>\n\t\t\t\t\t<\/div>\n\t\t\t\t<\/div>\n\t\t\t\t<\/div>\n\t\t","protected":false},"excerpt":{"rendered":"<p>Qui sommes nous ? &#8230; des passionn\u00e9s ! A l&rsquo;origine de l&rsquo;association,4 personnes (membres du bureau) passionn\u00e9es de la Seconde Guerre Mondiale et d&rsquo;histoire en g\u00e9n\u00e9rale. Bricoleur de surcro\u00eets, nous sommes devenus les parents de deux d\u00e9cors de commerces anciens.\u00a0Nous nous habillons et faisons vivre ces d\u00e9cors pour le plaisir de tous. Recr\u00e9er une ambiance&hellip;<\/p>\n","protected":false},"author":1,"featured_media":0,"parent":0,"menu_order":0,"comment_status":"closed","ping_status":"closed","template":"elementor_header_footer","meta":{"_monsterinsights_skip_tracking":false,"_monsterinsights_sitenote_active":false,"_monsterinsights_sitenote_note":"","_monsterinsights_sitenote_category":0,"_EventAllDay":false,"_EventTimezone":"","_EventStartDate":"","_EventEndDate":"","_EventStartDateUTC":"","_EventEndDateUTC":"","_EventShowMap":false,"_EventShowMapLink":false,"_EventURL":"","_EventCost":"","_EventCostDescription":"","_EventCurrencySymbol":"","_EventCurrencyCode":"","_EventCurrencyPosition":"","_EventDateTimeSeparator":"","_EventTimeRangeSeparator":"","_EventOrganizerID":[],"_EventVenueID":[],"_OrganizerEmail":"","_OrganizerPhone":"","_OrganizerWebsite":"","_VenueAddress":"","_VenueCity":"","_VenueCountry":"","_VenueProvince":"","_VenueState":"","_VenueZip":"","_VenuePhone":"","_VenueURL":"","_VenueStateProvince":"","_VenueLat":"","_VenueLng":"","_VenueShowMap":false,"_VenueShowMapLink":false,"footnotes":""},"class_list":["post-133","page","type-page","status-publish","hentry"],"yoast_head":"<!-- This site is optimized with the Yoast SEO plugin v26.7 - https:\/\/yoast.com\/wordpress\/plugins\/seo\/ -->\n<title>Qui sommes nous ? - Cherbourg 1944<\/title>\n<meta name=\"robots\" content=\"index, follow, max-snippet:-1, max-image-preview:large, max-video-preview:-1\" \/>\n<link rel=\"canonical\" href=\"https:\/\/www.cherbourg44.fr\/index.php\/qui-sommes-nous\/\" \/>\n<meta property=\"og:locale\" content=\"fr_FR\" \/>\n<meta property=\"og:type\" content=\"article\" \/>\n<meta property=\"og:title\" content=\"Qui sommes nous ? - Cherbourg 1944\" \/>\n<meta property=\"og:description\" content=\"Qui sommes nous ? &#8230; des passionn\u00e9s ! A l&rsquo;origine de l&rsquo;association,4 personnes (membres du bureau) passionn\u00e9es de la Seconde Guerre Mondiale et d&rsquo;histoire en g\u00e9n\u00e9rale. Bricoleur de surcro\u00eets, nous sommes devenus les parents de deux d\u00e9cors de commerces anciens.\u00a0Nous nous habillons et faisons vivre ces d\u00e9cors pour le plaisir de tous. Recr\u00e9er une ambiance&hellip;\" \/>\n<meta property=\"og:url\" content=\"https:\/\/www.cherbourg44.fr\/index.php\/qui-sommes-nous\/\" \/>\n<meta property=\"og:site_name\" content=\"Cherbourg 1944\" \/>\n<meta property=\"article:modified_time\" content=\"2024-05-14T20:59:25+00:00\" \/>\n<meta property=\"og:image\" content=\"http:\/\/www.cherbourg44.fr\/wp-content\/uploads\/2024\/05\/13336067_997347700334666_2103860160544797695_n-600x400.jpg\" \/>\n<meta name=\"twitter:card\" content=\"summary_large_image\" \/>\n<meta name=\"twitter:label1\" content=\"Dur\u00e9e de lecture estim\u00e9e\" \/>\n\t<meta name=\"twitter:data1\" content=\"4 minutes\" \/>\n<script type=\"application\/ld+json\" class=\"yoast-schema-graph\">{\"@context\":\"https:\/\/schema.org\",\"@graph\":[{\"@type\":\"WebPage\",\"@id\":\"https:\/\/www.cherbourg44.fr\/index.php\/qui-sommes-nous\/\",\"url\":\"https:\/\/www.cherbourg44.fr\/index.php\/qui-sommes-nous\/\",\"name\":\"Qui sommes nous ? - Cherbourg 1944\",\"isPartOf\":{\"@id\":\"https:\/\/www.cherbourg44.fr\/#website\"},\"primaryImageOfPage\":{\"@id\":\"https:\/\/www.cherbourg44.fr\/index.php\/qui-sommes-nous\/#primaryimage\"},\"image\":{\"@id\":\"https:\/\/www.cherbourg44.fr\/index.php\/qui-sommes-nous\/#primaryimage\"},\"thumbnailUrl\":\"http:\/\/www.cherbourg44.fr\/wp-content\/uploads\/2024\/05\/13336067_997347700334666_2103860160544797695_n-600x400.jpg\",\"datePublished\":\"2024-05-09T19:34:55+00:00\",\"dateModified\":\"2024-05-14T20:59:25+00:00\",\"breadcrumb\":{\"@id\":\"https:\/\/www.cherbourg44.fr\/index.php\/qui-sommes-nous\/#breadcrumb\"},\"inLanguage\":\"fr-FR\",\"potentialAction\":[{\"@type\":\"ReadAction\",\"target\":[\"https:\/\/www.cherbourg44.fr\/index.php\/qui-sommes-nous\/\"]}]},{\"@type\":\"ImageObject\",\"inLanguage\":\"fr-FR\",\"@id\":\"https:\/\/www.cherbourg44.fr\/index.php\/qui-sommes-nous\/#primaryimage\",\"url\":\"https:\/\/www.cherbourg44.fr\/wp-content\/uploads\/2024\/05\/13336067_997347700334666_2103860160544797695_n.jpg\",\"contentUrl\":\"https:\/\/www.cherbourg44.fr\/wp-content\/uploads\/2024\/05\/13336067_997347700334666_2103860160544797695_n.jpg\",\"width\":960,\"height\":540},{\"@type\":\"BreadcrumbList\",\"@id\":\"https:\/\/www.cherbourg44.fr\/index.php\/qui-sommes-nous\/#breadcrumb\",\"itemListElement\":[{\"@type\":\"ListItem\",\"position\":1,\"name\":\"Accueil\",\"item\":\"https:\/\/www.cherbourg44.fr\/\"},{\"@type\":\"ListItem\",\"position\":2,\"name\":\"Qui sommes nous ?\"}]},{\"@type\":\"WebSite\",\"@id\":\"https:\/\/www.cherbourg44.fr\/#website\",\"url\":\"https:\/\/www.cherbourg44.fr\/\",\"name\":\"Cherbourg 1944\",\"description\":\"Association de Reconstitution Historique\",\"potentialAction\":[{\"@type\":\"SearchAction\",\"target\":{\"@type\":\"EntryPoint\",\"urlTemplate\":\"https:\/\/www.cherbourg44.fr\/?s={search_term_string}\"},\"query-input\":{\"@type\":\"PropertyValueSpecification\",\"valueRequired\":true,\"valueName\":\"search_term_string\"}}],\"inLanguage\":\"fr-FR\"}]}<\/script>\n<!-- \/ Yoast SEO plugin. -->","yoast_head_json":{"title":"Qui sommes nous ? - Cherbourg 1944","robots":{"index":"index","follow":"follow","max-snippet":"max-snippet:-1","max-image-preview":"max-image-preview:large","max-video-preview":"max-video-preview:-1"},"canonical":"https:\/\/www.cherbourg44.fr\/index.php\/qui-sommes-nous\/","og_locale":"fr_FR","og_type":"article","og_title":"Qui sommes nous ? - Cherbourg 1944","og_description":"Qui sommes nous ? &#8230; des passionn\u00e9s ! A l&rsquo;origine de l&rsquo;association,4 personnes (membres du bureau) passionn\u00e9es de la Seconde Guerre Mondiale et d&rsquo;histoire en g\u00e9n\u00e9rale. Bricoleur de surcro\u00eets, nous sommes devenus les parents de deux d\u00e9cors de commerces anciens.\u00a0Nous nous habillons et faisons vivre ces d\u00e9cors pour le plaisir de tous. Recr\u00e9er une ambiance&hellip;","og_url":"https:\/\/www.cherbourg44.fr\/index.php\/qui-sommes-nous\/","og_site_name":"Cherbourg 1944","article_modified_time":"2024-05-14T20:59:25+00:00","og_image":[{"url":"http:\/\/www.cherbourg44.fr\/wp-content\/uploads\/2024\/05\/13336067_997347700334666_2103860160544797695_n-600x400.jpg","type":"","width":"","height":""}],"twitter_card":"summary_large_image","twitter_misc":{"Dur\u00e9e de lecture estim\u00e9e":"4 minutes"},"schema":{"@context":"https:\/\/schema.org","@graph":[{"@type":"WebPage","@id":"https:\/\/www.cherbourg44.fr\/index.php\/qui-sommes-nous\/","url":"https:\/\/www.cherbourg44.fr\/index.php\/qui-sommes-nous\/","name":"Qui sommes nous ? - Cherbourg 1944","isPartOf":{"@id":"https:\/\/www.cherbourg44.fr\/#website"},"primaryImageOfPage":{"@id":"https:\/\/www.cherbourg44.fr\/index.php\/qui-sommes-nous\/#primaryimage"},"image":{"@id":"https:\/\/www.cherbourg44.fr\/index.php\/qui-sommes-nous\/#primaryimage"},"thumbnailUrl":"http:\/\/www.cherbourg44.fr\/wp-content\/uploads\/2024\/05\/13336067_997347700334666_2103860160544797695_n-600x400.jpg","datePublished":"2024-05-09T19:34:55+00:00","dateModified":"2024-05-14T20:59:25+00:00","breadcrumb":{"@id":"https:\/\/www.cherbourg44.fr\/index.php\/qui-sommes-nous\/#breadcrumb"},"inLanguage":"fr-FR","potentialAction":[{"@type":"ReadAction","target":["https:\/\/www.cherbourg44.fr\/index.php\/qui-sommes-nous\/"]}]},{"@type":"ImageObject","inLanguage":"fr-FR","@id":"https:\/\/www.cherbourg44.fr\/index.php\/qui-sommes-nous\/#primaryimage","url":"https:\/\/www.cherbourg44.fr\/wp-content\/uploads\/2024\/05\/13336067_997347700334666_2103860160544797695_n.jpg","contentUrl":"https:\/\/www.cherbourg44.fr\/wp-content\/uploads\/2024\/05\/13336067_997347700334666_2103860160544797695_n.jpg","width":960,"height":540},{"@type":"BreadcrumbList","@id":"https:\/\/www.cherbourg44.fr\/index.php\/qui-sommes-nous\/#breadcrumb","itemListElement":[{"@type":"ListItem","position":1,"name":"Accueil","item":"https:\/\/www.cherbourg44.fr\/"},{"@type":"ListItem","position":2,"name":"Qui sommes nous ?"}]},{"@type":"WebSite","@id":"https:\/\/www.cherbourg44.fr\/#website","url":"https:\/\/www.cherbourg44.fr\/","name":"Cherbourg 1944","description":"Association de Reconstitution Historique","potentialAction":[{"@type":"SearchAction","target":{"@type":"EntryPoint","urlTemplate":"https:\/\/www.cherbourg44.fr\/?s={search_term_string}"},"query-input":{"@type":"PropertyValueSpecification","valueRequired":true,"valueName":"search_term_string"}}],"inLanguage":"fr-FR"}]}},"_links":{"self":[{"href":"https:\/\/www.cherbourg44.fr\/index.php\/wp-json\/wp\/v2\/pages\/133","targetHints":{"allow":["GET"]}}],"collection":[{"href":"https:\/\/www.cherbourg44.fr\/index.php\/wp-json\/wp\/v2\/pages"}],"about":[{"href":"https:\/\/www.cherbourg44.fr\/index.php\/wp-json\/wp\/v2\/types\/page"}],"author":[{"embeddable":true,"href":"https:\/\/www.cherbourg44.fr\/index.php\/wp-json\/wp\/v2\/users\/1"}],"replies":[{"embeddable":true,"href":"https:\/\/www.cherbourg44.fr\/index.php\/wp-json\/wp\/v2\/comments?post=133"}],"version-history":[{"count":7,"href":"https:\/\/www.cherbourg44.fr\/index.php\/wp-json\/wp\/v2\/pages\/133\/revisions"}],"predecessor-version":[{"id":506,"href":"https:\/\/www.cherbourg44.fr\/index.php\/wp-json\/wp\/v2\/pages\/133\/revisions\/506"}],"wp:attachment":[{"href":"https:\/\/www.cherbourg44.fr\/index.php\/wp-json\/wp\/v2\/media?parent=133"}],"curies":[{"name":"wp","href":"https:\/\/api.w.org\/{rel}","templated":true}]}}