{"id":466,"date":"2024-05-11T16:23:07","date_gmt":"2024-05-11T14:23:07","guid":{"rendered":"https:\/\/www.cherbourg44.fr\/?page_id=466"},"modified":"2025-04-15T10:16:10","modified_gmt":"2025-04-15T08:16:10","slug":"decors","status":"publish","type":"page","link":"https:\/\/www.cherbourg44.fr\/index.php\/decors\/","title":{"rendered":"D\u00e9cors"},"content":{"rendered":"\t\t<div data-elementor-type=\"wp-page\" data-elementor-id=\"466\" class=\"elementor elementor-466\">\n\t\t\t\t<div class=\"elementor-element elementor-element-8f3c1dc e-flex e-con-boxed e-con e-parent\" data-id=\"8f3c1dc\" data-element_type=\"container\">\n\t\t\t\t\t<div class=\"e-con-inner\">\n\t\t\t\t<div class=\"elementor-element elementor-element-126315e elementor-widget elementor-widget-spacer\" data-id=\"126315e\" data-element_type=\"widget\" data-widget_type=\"spacer.default\">\n\t\t\t\t<div class=\"elementor-widget-container\">\n\t\t\t\t\t\t\t<div class=\"elementor-spacer\">\n\t\t\t<div class=\"elementor-spacer-inner\"><\/div>\n\t\t<\/div>\n\t\t\t\t\t\t<\/div>\n\t\t\t\t<\/div>\n\t\t\t\t\t<\/div>\n\t\t\t\t<\/div>\n\t\t<div class=\"elementor-element elementor-element-1f5a430 e-flex e-con-boxed e-con e-parent\" data-id=\"1f5a430\" data-element_type=\"container\" data-settings=\"{&quot;background_background&quot;:&quot;classic&quot;}\">\n\t\t\t\t\t<div class=\"e-con-inner\">\n\t\t\t\t<div class=\"elementor-element elementor-element-bd6da53 elementor-widget elementor-widget-spacer\" data-id=\"bd6da53\" data-element_type=\"widget\" data-widget_type=\"spacer.default\">\n\t\t\t\t<div class=\"elementor-widget-container\">\n\t\t\t\t\t\t\t<div class=\"elementor-spacer\">\n\t\t\t<div class=\"elementor-spacer-inner\"><\/div>\n\t\t<\/div>\n\t\t\t\t\t\t<\/div>\n\t\t\t\t<\/div>\n\t\t\t\t<div class=\"elementor-element elementor-element-3d456cb elementor-widget elementor-widget-text-editor\" data-id=\"3d456cb\" data-element_type=\"widget\" data-widget_type=\"text-editor.default\">\n\t\t\t\t<div class=\"elementor-widget-container\">\n\t\t\t\t\t\t\t\t\t<h2>Les d\u00e9cors<\/h2><p>Les \u00e9vocations de la vie civile durant la Seconde Guerre Mondiale est un vaste sujet pas toujours \u00e9vident \u00e0 rendre mobile sur les campements de reconstitution. Mais avec beaucoup d&rsquo;astuces, la collaboration de plusieurs personnes et d&rsquo;autres groupes de reconstitutions, le public peut \u00e0 pr\u00e9sent s&rsquo;immerger un peu plus dans l&rsquo;histoire. Au travers de trois vitrines de boutiques du d\u00e9but du XXe si\u00e8cle.\u00a0<\/p><h3>Le bistrot<\/h3><p>Un lieu de rencontre et de convivialit\u00e9, le facebook de l&rsquo;\u00e9poque, o\u00f9 tout le monde pouvait se r\u00e9unir, discuter, \u00e9changer, prendre des nouvelles&#8230;<\/p><h3>L&rsquo;\u00e9picerie<\/h3><p>(qui parfois se fait boutique de mode)<\/p><p>O\u00f9 nous pr\u00e9sentons divers objets du quotidien, alimentaire, hygi\u00e8ne, sant\u00e9&#8230;<\/p><h3>La mercerie<\/h3><p>Pour compl\u00e9ter l&rsquo;\u00e9vocation de la mode, en pr\u00e9sentant divers accessoires de couture et de mode des \u00e9poques \u00e9voqu\u00e9es.<br \/><br \/><\/p><h3>Un autre d\u00e9cors<\/h3><p>En cette ann\u00e9e 2025, notre ultime d\u00e9cors est en cours de travaux. Il sortira \u00e0 l&rsquo;occasion des Heures Historiques de Sully-sur-Loire les 17 et 18 mai 2025.<\/p>\t\t\t\t\t\t\t\t<\/div>\n\t\t\t\t<\/div>\n\t\t\t\t<div class=\"elementor-element elementor-element-6491ab4 elementor-widget elementor-widget-image-gallery\" data-id=\"6491ab4\" data-element_type=\"widget\" data-widget_type=\"image-gallery.default\">\n\t\t\t\t<div class=\"elementor-widget-container\">\n\t\t\t\t\t\t\t<div class=\"elementor-image-gallery\">\n\t\t\t<div id='gallery-1' class='gallery galleryid-466 gallery-columns-3 gallery-size-medium'><figure class='gallery-item'>\n\t\t\t<div class='gallery-icon '>\n\t\t\t\t<a data-elementor-open-lightbox=\"no\" href='https:\/\/www.cherbourg44.fr\/wp-content\/uploads\/2024\/05\/DSCF1764rl.jpg'><img decoding=\"async\" width=\"1\" height=\"1\" src=\"https:\/\/www.cherbourg44.fr\/wp-content\/uploads\/2024\/05\/DSCF1764rl.jpg\" class=\"attachment-medium size-medium\" alt=\"\" \/><\/a>\n\t\t\t<\/div><\/figure><figure class='gallery-item'>\n\t\t\t<div class='gallery-icon landscape'>\n\t\t\t\t<a data-elementor-open-lightbox=\"no\" href='https:\/\/www.cherbourg44.fr\/wp-content\/uploads\/2024\/05\/18673182_435748813449001_4448229937653663757_o.jpg'><img fetchpriority=\"high\" decoding=\"async\" width=\"300\" height=\"200\" src=\"https:\/\/www.cherbourg44.fr\/wp-content\/uploads\/2024\/05\/18673182_435748813449001_4448229937653663757_o-300x200.jpg\" class=\"attachment-medium size-medium\" alt=\"\" aria-describedby=\"gallery-1-436\" srcset=\"https:\/\/www.cherbourg44.fr\/wp-content\/uploads\/2024\/05\/18673182_435748813449001_4448229937653663757_o-300x200.jpg 300w, https:\/\/www.cherbourg44.fr\/wp-content\/uploads\/2024\/05\/18673182_435748813449001_4448229937653663757_o-1024x683.jpg 1024w, https:\/\/www.cherbourg44.fr\/wp-content\/uploads\/2024\/05\/18673182_435748813449001_4448229937653663757_o-768x512.jpg 768w, https:\/\/www.cherbourg44.fr\/wp-content\/uploads\/2024\/05\/18673182_435748813449001_4448229937653663757_o-1536x1024.jpg 1536w, https:\/\/www.cherbourg44.fr\/wp-content\/uploads\/2024\/05\/18673182_435748813449001_4448229937653663757_o-600x400.jpg 600w, https:\/\/www.cherbourg44.fr\/wp-content\/uploads\/2024\/05\/18673182_435748813449001_4448229937653663757_o.jpg 2048w\" sizes=\"(max-width: 300px) 100vw, 300px\" \/><\/a>\n\t\t\t<\/div>\n\t\t\t\t<figcaption class='wp-caption-text gallery-caption' id='gallery-1-436'>\n\t\t\t\t1914\n\t\t\t\t<\/figcaption><\/figure>\n\t\t<\/div>\n\t\t<\/div>\n\t\t\t\t\t\t<\/div>\n\t\t\t\t<\/div>\n\t\t\t\t\t<\/div>\n\t\t\t\t<\/div>\n\t\t\t\t<\/div>\n\t\t","protected":false},"excerpt":{"rendered":"<p>Les d\u00e9cors Les \u00e9vocations de la vie civile durant la Seconde Guerre Mondiale est un vaste sujet pas toujours \u00e9vident \u00e0 rendre mobile sur les campements de reconstitution. Mais avec beaucoup d&rsquo;astuces, la collaboration de plusieurs personnes et d&rsquo;autres groupes de reconstitutions, le public peut \u00e0 pr\u00e9sent s&rsquo;immerger un peu plus dans l&rsquo;histoire. Au travers&hellip;<\/p>\n","protected":false},"author":1,"featured_media":0,"parent":0,"menu_order":0,"comment_status":"closed","ping_status":"closed","template":"elementor_header_footer","meta":{"_monsterinsights_skip_tracking":false,"_monsterinsights_sitenote_active":false,"_monsterinsights_sitenote_note":"","_monsterinsights_sitenote_category":0,"_EventAllDay":false,"_EventTimezone":"","_EventStartDate":"","_EventEndDate":"","_EventStartDateUTC":"","_EventEndDateUTC":"","_EventShowMap":false,"_EventShowMapLink":false,"_EventURL":"","_EventCost":"","_EventCostDescription":"","_EventCurrencySymbol":"","_EventCurrencyCode":"","_EventCurrencyPosition":"","_EventDateTimeSeparator":"","_EventTimeRangeSeparator":"","_EventOrganizerID":[],"_EventVenueID":[],"_OrganizerEmail":"","_OrganizerPhone":"","_OrganizerWebsite":"","_VenueAddress":"","_VenueCity":"","_VenueCountry":"","_VenueProvince":"","_VenueState":"","_VenueZip":"","_VenuePhone":"","_VenueURL":"","_VenueStateProvince":"","_VenueLat":"","_VenueLng":"","_VenueShowMap":false,"_VenueShowMapLink":false,"footnotes":""},"class_list":["post-466","page","type-page","status-publish","hentry"],"yoast_head":"<!-- This site is optimized with the Yoast SEO plugin v26.7 - https:\/\/yoast.com\/wordpress\/plugins\/seo\/ -->\n<title>D\u00e9cors - Cherbourg 1944<\/title>\n<meta name=\"description\" content=\"Evocation de la vie militaire et civile durant la seconde guerre mondiale gr\u00e2ce \u00e0 une immersion dans des d\u00e9cors reconstitu\u00e9s.\" \/>\n<meta name=\"robots\" content=\"index, follow, max-snippet:-1, max-image-preview:large, max-video-preview:-1\" \/>\n<link rel=\"canonical\" href=\"https:\/\/www.cherbourg44.fr\/index.php\/decors\/\" \/>\n<meta property=\"og:locale\" content=\"fr_FR\" \/>\n<meta property=\"og:type\" content=\"article\" \/>\n<meta property=\"og:title\" content=\"D\u00e9cors - Cherbourg 1944\" \/>\n<meta property=\"og:description\" content=\"Evocation de la vie militaire et civile durant la seconde guerre mondiale gr\u00e2ce \u00e0 une immersion dans des d\u00e9cors reconstitu\u00e9s.\" \/>\n<meta property=\"og:url\" content=\"https:\/\/www.cherbourg44.fr\/index.php\/decors\/\" \/>\n<meta property=\"og:site_name\" content=\"Cherbourg 1944\" \/>\n<meta property=\"article:modified_time\" content=\"2025-04-15T08:16:10+00:00\" \/>\n<meta property=\"og:image\" content=\"http:\/\/www.cherbourg44.fr\/wp-content\/uploads\/2024\/05\/18673182_435748813449001_4448229937653663757_o-300x200.jpg\" \/>\n<meta name=\"twitter:card\" content=\"summary_large_image\" \/>\n<meta name=\"twitter:label1\" content=\"Dur\u00e9e de lecture estim\u00e9e\" \/>\n\t<meta name=\"twitter:data1\" content=\"2 minutes\" \/>\n<script type=\"application\/ld+json\" class=\"yoast-schema-graph\">{\"@context\":\"https:\/\/schema.org\",\"@graph\":[{\"@type\":\"WebPage\",\"@id\":\"https:\/\/www.cherbourg44.fr\/index.php\/decors\/\",\"url\":\"https:\/\/www.cherbourg44.fr\/index.php\/decors\/\",\"name\":\"D\u00e9cors - Cherbourg 1944\",\"isPartOf\":{\"@id\":\"https:\/\/www.cherbourg44.fr\/#website\"},\"primaryImageOfPage\":{\"@id\":\"https:\/\/www.cherbourg44.fr\/index.php\/decors\/#primaryimage\"},\"image\":{\"@id\":\"https:\/\/www.cherbourg44.fr\/index.php\/decors\/#primaryimage\"},\"thumbnailUrl\":\"http:\/\/www.cherbourg44.fr\/wp-content\/uploads\/2024\/05\/18673182_435748813449001_4448229937653663757_o-300x200.jpg\",\"datePublished\":\"2024-05-11T14:23:07+00:00\",\"dateModified\":\"2025-04-15T08:16:10+00:00\",\"description\":\"Evocation de la vie militaire et civile durant la seconde guerre mondiale gr\u00e2ce \u00e0 une immersion dans des d\u00e9cors reconstitu\u00e9s.\",\"breadcrumb\":{\"@id\":\"https:\/\/www.cherbourg44.fr\/index.php\/decors\/#breadcrumb\"},\"inLanguage\":\"fr-FR\",\"potentialAction\":[{\"@type\":\"ReadAction\",\"target\":[\"https:\/\/www.cherbourg44.fr\/index.php\/decors\/\"]}]},{\"@type\":\"ImageObject\",\"inLanguage\":\"fr-FR\",\"@id\":\"https:\/\/www.cherbourg44.fr\/index.php\/decors\/#primaryimage\",\"url\":\"http:\/\/www.cherbourg44.fr\/wp-content\/uploads\/2024\/05\/18673182_435748813449001_4448229937653663757_o-300x200.jpg\",\"contentUrl\":\"http:\/\/www.cherbourg44.fr\/wp-content\/uploads\/2024\/05\/18673182_435748813449001_4448229937653663757_o-300x200.jpg\"},{\"@type\":\"BreadcrumbList\",\"@id\":\"https:\/\/www.cherbourg44.fr\/index.php\/decors\/#breadcrumb\",\"itemListElement\":[{\"@type\":\"ListItem\",\"position\":1,\"name\":\"Accueil\",\"item\":\"https:\/\/www.cherbourg44.fr\/\"},{\"@type\":\"ListItem\",\"position\":2,\"name\":\"D\u00e9cors\"}]},{\"@type\":\"WebSite\",\"@id\":\"https:\/\/www.cherbourg44.fr\/#website\",\"url\":\"https:\/\/www.cherbourg44.fr\/\",\"name\":\"Cherbourg 1944\",\"description\":\"Association de Reconstitution Historique\",\"potentialAction\":[{\"@type\":\"SearchAction\",\"target\":{\"@type\":\"EntryPoint\",\"urlTemplate\":\"https:\/\/www.cherbourg44.fr\/?s={search_term_string}\"},\"query-input\":{\"@type\":\"PropertyValueSpecification\",\"valueRequired\":true,\"valueName\":\"search_term_string\"}}],\"inLanguage\":\"fr-FR\"}]}<\/script>\n<!-- \/ Yoast SEO plugin. -->","yoast_head_json":{"title":"D\u00e9cors - Cherbourg 1944","description":"Evocation de la vie militaire et civile durant la seconde guerre mondiale gr\u00e2ce \u00e0 une immersion dans des d\u00e9cors reconstitu\u00e9s.","robots":{"index":"index","follow":"follow","max-snippet":"max-snippet:-1","max-image-preview":"max-image-preview:large","max-video-preview":"max-video-preview:-1"},"canonical":"https:\/\/www.cherbourg44.fr\/index.php\/decors\/","og_locale":"fr_FR","og_type":"article","og_title":"D\u00e9cors - Cherbourg 1944","og_description":"Evocation de la vie militaire et civile durant la seconde guerre mondiale gr\u00e2ce \u00e0 une immersion dans des d\u00e9cors reconstitu\u00e9s.","og_url":"https:\/\/www.cherbourg44.fr\/index.php\/decors\/","og_site_name":"Cherbourg 1944","article_modified_time":"2025-04-15T08:16:10+00:00","og_image":[{"url":"http:\/\/www.cherbourg44.fr\/wp-content\/uploads\/2024\/05\/18673182_435748813449001_4448229937653663757_o-300x200.jpg","type":"","width":"","height":""}],"twitter_card":"summary_large_image","twitter_misc":{"Dur\u00e9e de lecture estim\u00e9e":"2 minutes"},"schema":{"@context":"https:\/\/schema.org","@graph":[{"@type":"WebPage","@id":"https:\/\/www.cherbourg44.fr\/index.php\/decors\/","url":"https:\/\/www.cherbourg44.fr\/index.php\/decors\/","name":"D\u00e9cors - Cherbourg 1944","isPartOf":{"@id":"https:\/\/www.cherbourg44.fr\/#website"},"primaryImageOfPage":{"@id":"https:\/\/www.cherbourg44.fr\/index.php\/decors\/#primaryimage"},"image":{"@id":"https:\/\/www.cherbourg44.fr\/index.php\/decors\/#primaryimage"},"thumbnailUrl":"http:\/\/www.cherbourg44.fr\/wp-content\/uploads\/2024\/05\/18673182_435748813449001_4448229937653663757_o-300x200.jpg","datePublished":"2024-05-11T14:23:07+00:00","dateModified":"2025-04-15T08:16:10+00:00","description":"Evocation de la vie militaire et civile durant la seconde guerre mondiale gr\u00e2ce \u00e0 une immersion dans des d\u00e9cors reconstitu\u00e9s.","breadcrumb":{"@id":"https:\/\/www.cherbourg44.fr\/index.php\/decors\/#breadcrumb"},"inLanguage":"fr-FR","potentialAction":[{"@type":"ReadAction","target":["https:\/\/www.cherbourg44.fr\/index.php\/decors\/"]}]},{"@type":"ImageObject","inLanguage":"fr-FR","@id":"https:\/\/www.cherbourg44.fr\/index.php\/decors\/#primaryimage","url":"http:\/\/www.cherbourg44.fr\/wp-content\/uploads\/2024\/05\/18673182_435748813449001_4448229937653663757_o-300x200.jpg","contentUrl":"http:\/\/www.cherbourg44.fr\/wp-content\/uploads\/2024\/05\/18673182_435748813449001_4448229937653663757_o-300x200.jpg"},{"@type":"BreadcrumbList","@id":"https:\/\/www.cherbourg44.fr\/index.php\/decors\/#breadcrumb","itemListElement":[{"@type":"ListItem","position":1,"name":"Accueil","item":"https:\/\/www.cherbourg44.fr\/"},{"@type":"ListItem","position":2,"name":"D\u00e9cors"}]},{"@type":"WebSite","@id":"https:\/\/www.cherbourg44.fr\/#website","url":"https:\/\/www.cherbourg44.fr\/","name":"Cherbourg 1944","description":"Association de Reconstitution Historique","potentialAction":[{"@type":"SearchAction","target":{"@type":"EntryPoint","urlTemplate":"https:\/\/www.cherbourg44.fr\/?s={search_term_string}"},"query-input":{"@type":"PropertyValueSpecification","valueRequired":true,"valueName":"search_term_string"}}],"inLanguage":"fr-FR"}]}},"_links":{"self":[{"href":"https:\/\/www.cherbourg44.fr\/index.php\/wp-json\/wp\/v2\/pages\/466","targetHints":{"allow":["GET"]}}],"collection":[{"href":"https:\/\/www.cherbourg44.fr\/index.php\/wp-json\/wp\/v2\/pages"}],"about":[{"href":"https:\/\/www.cherbourg44.fr\/index.php\/wp-json\/wp\/v2\/types\/page"}],"author":[{"embeddable":true,"href":"https:\/\/www.cherbourg44.fr\/index.php\/wp-json\/wp\/v2\/users\/1"}],"replies":[{"embeddable":true,"href":"https:\/\/www.cherbourg44.fr\/index.php\/wp-json\/wp\/v2\/comments?post=466"}],"version-history":[{"count":19,"href":"https:\/\/www.cherbourg44.fr\/index.php\/wp-json\/wp\/v2\/pages\/466\/revisions"}],"predecessor-version":[{"id":634,"href":"https:\/\/www.cherbourg44.fr\/index.php\/wp-json\/wp\/v2\/pages\/466\/revisions\/634"}],"wp:attachment":[{"href":"https:\/\/www.cherbourg44.fr\/index.php\/wp-json\/wp\/v2\/media?parent=466"}],"curies":[{"name":"wp","href":"https:\/\/api.w.org\/{rel}","templated":true}]}}